{"id":2,"date":"2020-04-16T13:50:13","date_gmt":"2020-04-16T13:50:13","guid":{"rendered":"https:\/\/demo.creativethemes.com\/blocksy\/travel\/?page_id=2"},"modified":"2021-03-01T18:34:10","modified_gmt":"2021-03-01T18:34:10","slug":"sample-page","status":"publish","type":"page","link":"https:\/\/hans-holger.dk\/livet\/?page_id=2","title":{"rendered":"Sample Page"},"content":{"rendered":"\t\t<div data-elementor-type=\"wp-page\" data-elementor-id=\"2\" class=\"elementor elementor-2\">\n\t\t\t\t\t\t<section class=\"elementor-section elementor-top-section elementor-element elementor-element-dad3f9d elementor-section-boxed elementor-section-height-default elementor-section-height-default\" data-id=\"dad3f9d\" data-element_type=\"section\">\n\t\t\t\t\t\t<div class=\"elementor-container elementor-column-gap-default\">\n\t\t\t\t\t<div class=\"elementor-column elementor-col-100 elementor-top-column elementor-element elementor-element-7df848e\" data-id=\"7df848e\" data-element_type=\"column\">\n\t\t\t<div class=\"elementor-widget-wrap elementor-element-populated\">\n\t\t\t\t\t\t<div class=\"elementor-element elementor-element-fe522ab elementor-widget elementor-widget-shortcode\" data-id=\"fe522ab\" data-element_type=\"widget\" data-widget_type=\"shortcode.default\">\n\t\t\t\t<div class=\"elementor-widget-container\">\n\t\t\t\t\t<div class=\"elementor-shortcode\">[restrict userlevel=\"subscriber\"]\n\nNote: Er logget ind.. [login_form]\n\n[\/restrict]<\/div>\n\t\t\t\t<\/div>\n\t\t\t\t<\/div>\n\t\t\t\t\t<\/div>\n\t\t<\/div>\n\t\t\t\t\t<\/div>\n\t\t<\/section>\n\t\t\t\t<section class=\"elementor-section elementor-top-section elementor-element elementor-element-be3e978 elementor-section-boxed elementor-section-height-default elementor-section-height-default\" data-id=\"be3e978\" data-element_type=\"section\">\n\t\t\t\t\t\t<div class=\"elementor-container elementor-column-gap-default\">\n\t\t\t\t\t<div class=\"elementor-column elementor-col-100 elementor-top-column elementor-element elementor-element-10ddc2f3\" data-id=\"10ddc2f3\" data-element_type=\"column\">\n\t\t\t<div class=\"elementor-widget-wrap elementor-element-populated\">\n\t\t\t\t\t\t<div class=\"elementor-element elementor-element-687fbfee elementor-widget elementor-widget-text-editor\" data-id=\"687fbfee\" data-element_type=\"widget\" data-widget_type=\"text-editor.default\">\n\t\t\t\t<div class=\"elementor-widget-container\">\n\t\t\t\t\t\t\t<!-- wp:paragraph -->\n<p>[restrict userlevel=&#8221;subscriber&#8221;]<\/p>\n<p><a href=\"https:\/\/demo.creativethemes.com\/blocksy\/travel\/#account-modal\" target=\"_blank\" rel=\"noopener\">Link to demo<\/a><\/p>\n<p>and some text<\/p>\n<p>[\/restrict][login_form]<\/p>\n<p>\u00a0<\/p>\t\t\t\t\t\t<\/div>\n\t\t\t\t<\/div>\n\t\t\t\t\t<\/div>\n\t\t<\/div>\n\t\t\t\t\t<\/div>\n\t\t<\/section>\n\t\t\t\t<section class=\"elementor-section elementor-top-section elementor-element elementor-element-7f613c3 elementor-section-boxed elementor-section-height-default elementor-section-height-default\" data-id=\"7f613c3\" data-element_type=\"section\">\n\t\t\t\t\t\t<div class=\"elementor-container elementor-column-gap-default\">\n\t\t\t\t\t<div class=\"elementor-column elementor-col-100 elementor-top-column elementor-element elementor-element-cd6a92c\" data-id=\"cd6a92c\" data-element_type=\"column\">\n\t\t\t<div class=\"elementor-widget-wrap elementor-element-populated\">\n\t\t\t\t\t\t<div class=\"elementor-element elementor-element-999bb83 elementor-widget elementor-widget-heading\" data-id=\"999bb83\" data-element_type=\"widget\" data-widget_type=\"heading.default\">\n\t\t\t\t<div class=\"elementor-widget-container\">\n\t\t\t<h2 class=\"elementor-heading-title elementor-size-default\">HH<\/h2>\t\t<\/div>\n\t\t\t\t<\/div>\n\t\t\t\t<div class=\"elementor-element elementor-element-4c1035f elementor-widget elementor-widget-text-editor\" data-id=\"4c1035f\" data-element_type=\"widget\" data-widget_type=\"text-editor.default\">\n\t\t\t\t<div class=\"elementor-widget-container\">\n\t\t\t\t\t\t\t<p><!-- wp:paragraph --><\/p>\n<p>Se google docs &#8216;LIFE&#8217;<\/p>\t\t\t\t\t\t<\/div>\n\t\t\t\t<\/div>\n\t\t\t\t\t<\/div>\n\t\t<\/div>\n\t\t\t\t\t<\/div>\n\t\t<\/section>\n\t\t\t\t<section class=\"elementor-section elementor-top-section elementor-element elementor-element-bc03304 elementor-section-boxed elementor-section-height-default elementor-section-height-default\" data-id=\"bc03304\" data-element_type=\"section\">\n\t\t\t\t\t\t<div class=\"elementor-container elementor-column-gap-default\">\n\t\t\t\t\t<div class=\"elementor-column elementor-col-100 elementor-top-column elementor-element elementor-element-d7d8268\" data-id=\"d7d8268\" data-element_type=\"column\">\n\t\t\t<div class=\"elementor-widget-wrap elementor-element-populated\">\n\t\t\t\t\t\t<div class=\"elementor-element elementor-element-d3a1ef7 elementor-widget elementor-widget-heading\" data-id=\"d3a1ef7\" data-element_type=\"widget\" data-widget_type=\"heading.default\">\n\t\t\t\t<div class=\"elementor-widget-container\">\n\t\t\t<h2 class=\"elementor-heading-title elementor-size-default\">Eva<\/h2>\t\t<\/div>\n\t\t\t\t<\/div>\n\t\t\t\t<div class=\"elementor-element elementor-element-8c5ed11 elementor-widget elementor-widget-text-editor\" data-id=\"8c5ed11\" data-element_type=\"widget\" data-widget_type=\"text-editor.default\">\n\t\t\t\t<div class=\"elementor-widget-container\">\n\t\t\t\t\t\t\t<p><!-- wp:paragraph --><\/p>\n<p>Se google docs &#8216;LIFE&#8217;<\/p>\t\t\t\t\t\t<\/div>\n\t\t\t\t<\/div>\n\t\t\t\t\t<\/div>\n\t\t<\/div>\n\t\t\t\t\t<\/div>\n\t\t<\/section>\n\t\t\t\t<section class=\"elementor-section elementor-top-section elementor-element elementor-element-e74b6c5 elementor-section-boxed elementor-section-height-default elementor-section-height-default\" data-id=\"e74b6c5\" data-element_type=\"section\">\n\t\t\t\t\t\t<div class=\"elementor-container elementor-column-gap-default\">\n\t\t\t\t\t<div class=\"elementor-column elementor-col-100 elementor-top-column elementor-element elementor-element-9c70a84\" data-id=\"9c70a84\" data-element_type=\"column\">\n\t\t\t<div class=\"elementor-widget-wrap elementor-element-populated\">\n\t\t\t\t\t\t<div class=\"elementor-element elementor-element-bfab4d8 elementor-widget elementor-widget-heading\" data-id=\"bfab4d8\" data-element_type=\"widget\" data-widget_type=\"heading.default\">\n\t\t\t\t<div class=\"elementor-widget-container\">\n\t\t\t<h2 class=\"elementor-heading-title elementor-size-default\">Far<\/h2>\t\t<\/div>\n\t\t\t\t<\/div>\n\t\t\t\t<div class=\"elementor-element elementor-element-12f1f06 elementor-widget elementor-widget-text-editor\" data-id=\"12f1f06\" data-element_type=\"widget\" data-widget_type=\"text-editor.default\">\n\t\t\t\t<div class=\"elementor-widget-container\">\n\t\t\t\t\t\t\t<p><!-- wp:paragraph --><\/p>\n<p>Se google docs &#8216;LIFE&#8217;<\/p>\t\t\t\t\t\t<\/div>\n\t\t\t\t<\/div>\n\t\t\t\t\t<\/div>\n\t\t<\/div>\n\t\t\t\t\t<\/div>\n\t\t<\/section>\n\t\t\t\t<section class=\"elementor-section elementor-top-section elementor-element elementor-element-c2a8a47 elementor-section-boxed elementor-section-height-default elementor-section-height-default\" data-id=\"c2a8a47\" data-element_type=\"section\">\n\t\t\t\t\t\t<div class=\"elementor-container elementor-column-gap-default\">\n\t\t\t\t\t<div class=\"elementor-column elementor-col-100 elementor-top-column elementor-element elementor-element-6bd928d\" data-id=\"6bd928d\" data-element_type=\"column\">\n\t\t\t<div class=\"elementor-widget-wrap elementor-element-populated\">\n\t\t\t\t\t\t<div class=\"elementor-element elementor-element-671b859 elementor-widget elementor-widget-heading\" data-id=\"671b859\" data-element_type=\"widget\" data-widget_type=\"heading.default\">\n\t\t\t\t<div class=\"elementor-widget-container\">\n\t\t\t<h2 class=\"elementor-heading-title elementor-size-default\">Mor<\/h2>\t\t<\/div>\n\t\t\t\t<\/div>\n\t\t\t\t<div class=\"elementor-element elementor-element-a17e635 elementor-widget elementor-widget-text-editor\" data-id=\"a17e635\" data-element_type=\"widget\" data-widget_type=\"text-editor.default\">\n\t\t\t\t<div class=\"elementor-widget-container\">\n\t\t\t\t\t\t\t<p><!-- wp:paragraph --><\/p>\n<p>Se google docs &#8216;LIFE&#8217;<\/p>\n<p>\u00a0<\/p>\t\t\t\t\t\t<\/div>\n\t\t\t\t<\/div>\n\t\t\t\t\t<\/div>\n\t\t<\/div>\n\t\t\t\t\t<\/div>\n\t\t<\/section>\n\t\t\t\t<section class=\"elementor-section elementor-top-section elementor-element elementor-element-6c707de elementor-section-boxed elementor-section-height-default elementor-section-height-default\" data-id=\"6c707de\" data-element_type=\"section\">\n\t\t\t\t\t\t<div class=\"elementor-container elementor-column-gap-default\">\n\t\t\t\t\t<div class=\"elementor-column elementor-col-100 elementor-top-column elementor-element elementor-element-0da6314\" data-id=\"0da6314\" data-element_type=\"column\">\n\t\t\t<div class=\"elementor-widget-wrap elementor-element-populated\">\n\t\t\t\t\t\t<div class=\"elementor-element elementor-element-21047e8 elementor-widget elementor-widget-heading\" data-id=\"21047e8\" data-element_type=\"widget\" data-widget_type=\"heading.default\">\n\t\t\t\t<div class=\"elementor-widget-container\">\n\t\t\t<h2 class=\"elementor-heading-title elementor-size-default\">F\u00e6lles<\/h2>\t\t<\/div>\n\t\t\t\t<\/div>\n\t\t\t\t<div class=\"elementor-element elementor-element-816195f elementor-widget elementor-widget-text-editor\" data-id=\"816195f\" data-element_type=\"widget\" data-widget_type=\"text-editor.default\">\n\t\t\t\t<div class=\"elementor-widget-container\">\n\t\t\t\t\t\t\t<p><!-- wp:paragraph --><\/p>\n<p>Se google docs &#8216;LIFE&#8217;<\/p>\n<p>\u00a0<\/p>\t\t\t\t\t\t<\/div>\n\t\t\t\t<\/div>\n\t\t\t\t\t<\/div>\n\t\t<\/div>\n\t\t\t\t\t<\/div>\n\t\t<\/section>\n\t\t\t\t<section class=\"elementor-section elementor-top-section elementor-element elementor-element-ba7ab53 elementor-section-boxed elementor-section-height-default elementor-section-height-default\" data-id=\"ba7ab53\" data-element_type=\"section\">\n\t\t\t\t\t\t<div class=\"elementor-container elementor-column-gap-default\">\n\t\t\t\t\t<div class=\"elementor-column elementor-col-100 elementor-top-column elementor-element elementor-element-dd44333\" data-id=\"dd44333\" data-element_type=\"column\">\n\t\t\t<div class=\"elementor-widget-wrap elementor-element-populated\">\n\t\t\t\t\t\t<div class=\"elementor-element elementor-element-1191dae elementor-widget elementor-widget-heading\" data-id=\"1191dae\" data-element_type=\"widget\" data-widget_type=\"heading.default\">\n\t\t\t\t<div class=\"elementor-widget-container\">\n\t\t\t<h2 class=\"elementor-heading-title elementor-size-default\">Tage<\/h2>\t\t<\/div>\n\t\t\t\t<\/div>\n\t\t\t\t<div class=\"elementor-element elementor-element-04eb1f9 elementor-widget elementor-widget-text-editor\" data-id=\"04eb1f9\" data-element_type=\"widget\" data-widget_type=\"text-editor.default\">\n\t\t\t\t<div class=\"elementor-widget-container\">\n\t\t\t\t\t\t\t<p><!-- wp:paragraph --><\/p>\n<p>Se google docs &#8216;LIFE&#8217;<br><\/p>\n<p><\/p>\t\t\t\t\t\t<\/div>\n\t\t\t\t<\/div>\n\t\t\t\t\t<\/div>\n\t\t<\/div>\n\t\t\t\t\t<\/div>\n\t\t<\/section>\n\t\t\t\t<section class=\"elementor-section elementor-top-section elementor-element elementor-element-43654ad elementor-section-boxed elementor-section-height-default elementor-section-height-default\" data-id=\"43654ad\" data-element_type=\"section\">\n\t\t\t\t\t\t<div class=\"elementor-container elementor-column-gap-default\">\n\t\t\t\t\t<div class=\"elementor-column elementor-col-100 elementor-top-column elementor-element elementor-element-cd06ff5\" data-id=\"cd06ff5\" data-element_type=\"column\">\n\t\t\t<div class=\"elementor-widget-wrap elementor-element-populated\">\n\t\t\t\t\t\t<div class=\"elementor-element elementor-element-0c25ed3 elementor-widget elementor-widget-heading\" data-id=\"0c25ed3\" data-element_type=\"widget\" data-widget_type=\"heading.default\">\n\t\t\t\t<div class=\"elementor-widget-container\">\n\t\t\t<h2 class=\"elementor-heading-title elementor-size-default\">Navigation<\/h2>\t\t<\/div>\n\t\t\t\t<\/div>\n\t\t\t\t<div class=\"elementor-element elementor-element-5a14f5a elementor-widget elementor-widget-text-editor\" data-id=\"5a14f5a\" data-element_type=\"widget\" data-widget_type=\"text-editor.default\">\n\t\t\t\t<div class=\"elementor-widget-container\">\n\t\t\t\t\t\t\t<p><strong>Sider der skal konstrueres:<\/strong><\/p>\n<p><strong>KARRIERE<\/strong><br \/>\u00a0-udvalgte jobs<br \/>\u00a0&#8211; opslidning<br \/>\u00a0 \u00a0-omskoling<br \/>\u00a0 \u00a0-webintegrator<\/p>\n<p><strong>FAMILIE<\/strong><br \/>\u00a0-far<br \/>\u00a0-mor<br \/>\u00a0 -erik<br \/>\u00a0 -tage<br \/>\u00a0 -hh<br \/>\u00a0&#8211; eva<br \/>\u00a0 \u00a0-morten<\/p>\n<p><strong>FRITID-<br \/><\/strong>sport<br \/>hobby<br \/>-h\u00f8jtalere<br \/>-airbrush<br \/>-acryl<br \/>-edb<br \/>mc-livet-<\/p>\t\t\t\t\t\t<\/div>\n\t\t\t\t<\/div>\n\t\t\t\t\t<\/div>\n\t\t<\/div>\n\t\t\t\t\t<\/div>\n\t\t<\/section>\n\t\t\t\t<section class=\"elementor-section elementor-top-section elementor-element elementor-element-8f8449a elementor-section-boxed elementor-section-height-default elementor-section-height-default\" data-id=\"8f8449a\" data-element_type=\"section\">\n\t\t\t\t\t\t<div class=\"elementor-container elementor-column-gap-default\">\n\t\t\t\t\t<div class=\"elementor-column elementor-col-100 elementor-top-column elementor-element elementor-element-5a8c562\" data-id=\"5a8c562\" data-element_type=\"column\">\n\t\t\t<div class=\"elementor-widget-wrap elementor-element-populated\">\n\t\t\t\t\t\t<div class=\"elementor-element elementor-element-2e7bdff elementor-widget elementor-widget-heading\" data-id=\"2e7bdff\" data-element_type=\"widget\" data-widget_type=\"heading.default\">\n\t\t\t\t<div class=\"elementor-widget-container\">\n\t\t\t<h2 class=\"elementor-heading-title elementor-size-default\">Husk<\/h2>\t\t<\/div>\n\t\t\t\t<\/div>\n\t\t\t\t<div class=\"elementor-element elementor-element-9c9e37d elementor-widget elementor-widget-text-editor\" data-id=\"9c9e37d\" data-element_type=\"widget\" data-widget_type=\"text-editor.default\">\n\t\t\t\t<div class=\"elementor-widget-container\">\n\t\t\t\t\t\t\t<!-- wp:paragraph -->\n<p>JustyKit lysshow<\/p>\n<p>Revell hobby kits 1960&#8230;.<a href=\"https:\/\/modelairplanedepot.com\/products\/revell-monogram-aircraft-1-48-f104g-starfighter-rcaf-aircraft-kit\" target=\"_blank\" rel=\"noopener\">Aircraft 1\/48 F104G Starfighter RCAF<\/a><\/p>\n<p><em>Lockheed\u00ae designed the F-104G Starfighter to be a simple, fast and powerful fighter &#8211; and it was exactly that. For years, its performance record was legendary. It set world speed and altitude records and was a very effective counter to the MiG variants of the day. Unfortunately, its accident record was also legendary, leading to nicknames like the &#8220;Lawn Dart.&#8221; Nevertheless, it was a popular fighter with air forces all over the world. This kit features a RCAF F-104G with Gatling cannon detail, air brakes, decals and wing-mounted Sidewinder missiles.<\/em><\/p>\n<blockquote>\n<p>Tror faktisk r\u00e6kkef\u00f8lgen m\u00e5 have v\u00e6ret Orte M\u00f8belfabrik, Tasso, Firtek, Micro Matic, Firtek, Br\u00f8drene ludvigsen<\/p>\n<\/blockquote>\n<p>\u00a0<\/p>\n<blockquote>\n<p>Husk Puttes Rock cafe, Leif og Putte p\u00e5 FB<\/p>\n<\/blockquote>\n<p><a href=\"https:\/\/stackoverflow.com\/questions\/54598492\/background-images-not-loading-in-elementor\" target=\"_blank\" rel=\"noopener\">background-images-not-loading-in-elementor<\/a><\/p>\n<p><a href=\"https:\/\/www.youtube.com\/watch?v=jUodbTSfBCk\" target=\"_blank\" rel=\"noopener\">https:\/\/www.youtube.com\/watch?v=jUodbTSfBCk<\/a><\/p>\t\t\t\t\t\t<\/div>\n\t\t\t\t<\/div>\n\t\t\t\t\t<\/div>\n\t\t<\/div>\n\t\t\t\t\t<\/div>\n\t\t<\/section>\n\t\t\t\t<section class=\"elementor-section elementor-top-section elementor-element elementor-element-bd4b435 elementor-section-boxed elementor-section-height-default elementor-section-height-default\" data-id=\"bd4b435\" data-element_type=\"section\">\n\t\t\t\t\t\t<div class=\"elementor-container elementor-column-gap-default\">\n\t\t\t\t\t<div class=\"elementor-column elementor-col-100 elementor-top-column elementor-element elementor-element-ec6d458\" data-id=\"ec6d458\" data-element_type=\"column\">\n\t\t\t<div class=\"elementor-widget-wrap elementor-element-populated\">\n\t\t\t\t\t\t<div class=\"elementor-element elementor-element-f0ce014 elementor-widget elementor-widget-text-editor\" data-id=\"f0ce014\" data-element_type=\"widget\" data-widget_type=\"text-editor.default\">\n\t\t\t\t<div class=\"elementor-widget-container\">\n\t\t\t\t\t\t\t<p><a href=\"https:\/\/docs.google.com\/spreadsheets\/d\/1YU6aAM119OPipAwf3mBBZddw2F-ME1pkAEi2xT--PwE\/edit#gid=551699428\" target=\"_blank\" rel=\"noopener\">https:\/\/docs.google.com\/spreadsheets\/d\/1YU6aAM119OPipAwf3mBBZddw2F-ME1pkAEi2xT&#8211;PwE\/edit#gid=551699428<\/a><\/p>\n<p>Opstiller.<br \/>Arbejdsgiver:<br \/>Maskinfabrik A\/S Firtek<br \/>Tidsperiode:<br \/>1990 &#8211; 1994<br \/>Beskrivelse:<br \/>Genansat p\u00e5 denne arbejdsplads. Igen med faglig relateret opstilling, indk\u00f8ring samt produktion p\u00e5 stanggods drejeautomater. Fortrinsvis i messing og automatst\u00e5l. Denne gang med ansvarsomr\u00e5de for fast nathold i 3 \u00e5r med funktion som sikkerhedsrepr\u00e6sentant for teamet.<\/p>\n<hr \/>\n<p>Opstiller.<br \/>Arbejdsgiver:<br \/>Maskinfabrik A\/S Firtek<br \/>Tidsperiode:<br \/>1978 &#8211; 1981<\/p>\n<p>Traub mand der fik st\u00f8d&#8230;og r\u00f8g p\u00e5 r\u00f8ven<br \/>John (tillidsmand)<br \/>B\u00f8rge (Brown&amp;Sharpe)<\/p>\n<p>Gerhard, 2xHenrik, Kaj, Sammy,\u00a0<\/p>\t\t\t\t\t\t<\/div>\n\t\t\t\t<\/div>\n\t\t\t\t\t<\/div>\n\t\t<\/div>\n\t\t\t\t\t<\/div>\n\t\t<\/section>\n\t\t\t\t<section class=\"elementor-section elementor-top-section elementor-element elementor-element-18dd16e elementor-section-boxed elementor-section-height-default elementor-section-height-default\" data-id=\"18dd16e\" data-element_type=\"section\">\n\t\t\t\t\t\t<div class=\"elementor-container elementor-column-gap-default\">\n\t\t\t\t\t<div class=\"elementor-column elementor-col-100 elementor-top-column elementor-element elementor-element-caf3095\" data-id=\"caf3095\" data-element_type=\"column\">\n\t\t\t<div class=\"elementor-widget-wrap elementor-element-populated\">\n\t\t\t\t\t\t<div class=\"elementor-element elementor-element-a78f0ee elementor-widget elementor-widget-text-editor\" data-id=\"a78f0ee\" data-element_type=\"widget\" data-widget_type=\"text-editor.default\">\n\t\t\t\t<div class=\"elementor-widget-container\">\n\t\t\t\t\t\t\t<p>\u00a0<\/p>\n<p><br \/>Webintegrator.<br \/>Arbejdsgiver:<br \/>Astrid Leisner &amp; S\u00f8n der s\u00e6lger handicaphj\u00e6lpemidler m. m.<br \/>Tidsperiode:<br \/>2011 &#8211; 2014<br \/>Beskrivelse:<br \/>Ansvar vedr. web handel og teknisk kontakt til leverand\u00f8rer. Derudover overs\u00e6ttelser af diverse brugsanvisninger, kunde telefonsupport, reperationer af teknisk udstyr, samt daglig it-support og r\u00e5dgivning for virksomheden.<br \/>Mit udbytte:<br \/>Stor udfordring at arbejde som del af en lille familie ejet virksomhed midt i et generations skifte.<br \/>\u00a0<br \/>Webintegrator.<br \/>Arbejdsgiver:<br \/>Gnusys der s\u00e6lger &#8216;OpenSource&#8217; l\u00f8sninger under navnet &#8220;GnuSys&#8221;<br \/>Tidsperiode:<br \/>2010 &#8211; 2011<br \/>Beskrivelse:<br \/>Opgaverne var her it-relaterede samt ansvar vedr. vedligehold p\u00e5 udlejnings bygninger. (Vicev\u00e6rt funktion).<br \/>Mit udbytte:<br \/>F\u00f8rste arbejdsplads med ny uddannelse, hvor jeg beviste at jeg godt kunne arbejde struktureret, m\u00e5lrettet og selvst\u00e6ndigt<br \/>\u00a0<br \/>Reperat\u00f8r.<br \/>Arbejdsgiver:<br \/>Brd. Ludvigsen, der producerer kontorartikler m. m. under navnet &#8220;3L&#8221;<br \/>Tidsperiode:<br \/>1996 &#8211; 2003<br \/>Beskrivelse:<br \/>Opgaverne var her mangfoldige og varierede grundet lang ans\u00e6ttelsperiode. Opgaverne var diverse reperations-opgaver, faglig hj\u00e6lp i produktionen, el-relaterede opgaver samt ansvar vedr. vedligehold p\u00e5 bygninger. (Vicev\u00e6rt funktion).Jeg var her sikkerhedsrepr\u00e6sentant for afdelingen i 4 \u00e5r.<br \/>Mit udbytte:<br \/>Jeg l\u00e6rte, at alsidighed kan bel\u00f8nnes og v\u00e6re afg\u00f8rende for trivsel og udvikling i hverdagen. Jeg l\u00e6rte ogs\u00e5 en masse om faglig organisering og forskelligheden af dette i forhold til tidligere arbejdspladser.<br \/>\u00a0<br \/>Opstiller.<br \/>Arbejdsgiver:<br \/>Maskinfabrik A\/S Firtek<br \/>Tidsperiode:<br \/>1990 &#8211; 1994<br \/>Beskrivelse:<br \/>Genansat p\u00e5 denne arbejdsplads. Igen med faglig relateret opstilling, indk\u00f8ring samt produktion p\u00e5 stanggods drejeautomater. Fortrinsvis i messing og automatst\u00e5l. Denne gang med ansvarsomr\u00e5de for fast nathold i 3 \u00e5r med funktion som sikkerhedsrepr\u00e6sentant for teamet.<br \/>Mit udbytte:<br \/>Gensidig respekt for hinanden pga. mit tillidserhverv. Det var en stor positiv oplevelse.<br \/>\u00a0<br \/>Bro bygger ved Storeb\u00e6lt.<br \/>Arbejdsgiver:<br \/>ESG &#8220;Vor Spannung Losinger&#8221;<br \/>Tidsperiode:<br \/>1986 &#8211; 1990 (28-05-1991 \/ 21-05-1993)<br \/>Beskrivelse:<br \/>Storeb\u00e6ltsbyggeriet bestod for mig af s\u00e5kaldt forsp\u00e6nding af betonelementer ved hj\u00e6lp af hydraulik. Var her ansat i lille underfirma fra Schweiz.<br \/>Mit udbytte:<br \/>Det en k\u00e6mpe oplevelse for mig at v\u00e6re med til noget s\u00e5 stort og fik masser af &#8220;Teknisk Know-how&#8221; med hjem fra denne arbejdsplads. Det at s\u00e6tte et s\u00e5 stort projekt op var imponerende og meget skulle koordineres og tilpasses hele tiden.\u00a0<\/p>\n<p>Min fysik stod ikke m\u00e5l med dette job. Jeg m\u00e5tte desv\u00e6rre efterf\u00f8lgende konstatere at denne type jobs er for h\u00e5rde for mig. Jeg tabte mig 9 kg.<br \/>\u00a0<br \/>Portner Medhj\u00e6lper.<br \/>Arbejdsgiver:<br \/>Odense Kommune<br \/>Tidsperiode:<br \/>1985 &#8211; 1985<br \/>Beskrivelse:<br \/>Ansat som tidsbegr\u00e6nset medhj\u00e6lper i chauff\u00f8rafdelingen. K\u00f8rte ud med bla. lydb\u00e5nd og b\u00f8ger til privatadresser. Ogs\u00e5 denne stilling indeholdt forefaldende arbejdsopgaver og tekniske arbejdsopgaver grundet mit &#8220;tekniske snilde sind.&#8221;<br \/>Mit udbytte:<br \/>Jeg opdagede en selvtilfredsstillelse ved at yde service, for de borgere der ikke selv havde mulighed for at komme p\u00e5 biblioteket. Selv tidsbegr\u00e6nsede stillinger kan v\u00e6re indholdsrige og nyttige erfarede jeg her. Ikke bare tids-spilde, absoulut ikke.<br \/>\u00a0<br \/>Opstiller, indk\u00f8rer.<br \/>Arbejdsgiver:<br \/>Micro Matic A\/S<br \/>Tidsperiode:<br \/>1982 &#8211; 1985<br \/>Beskrivelse:<br \/>Opstilling p\u00e5 bearbejdningsmaskiner, vedr\u00f8rende fremstilling af fad\u00f8lsamatur og tidsure. Daglig brug og indstilling af div. m\u00e5lev\u00e6rkt\u00f8jer.<br \/>Mit udbytte:<br \/>Nye udfordringer og arbejdsopgaver som jeg gik p\u00e5 med krum hals. Selv monotomt arbejde kan give mig arbejdsgl\u00e6de. Erhvervserfaring, omgang med mennesker og maskiner samt \u00f8get teknisk indsigt.<br \/>\u00a0<br \/>Opstiller.<br \/>Arbejdsgiver:<br \/>Maskinfabrik A\/S Firtek<br \/>Tidsperiode:<br \/>1978 &#8211; 1981<br \/>Beskrivelse:<br \/>Her var det faglig relateret opstilling, indk\u00f8ring samt produktion p\u00e5 stanggods drejeautomater. Fortrinsvis i messing og automatst\u00e5l.<br \/>Mit udbytte:<br \/>Erhvervserfaring, omgang med mennesker og maskiner samt \u00f8get teknisk indsigt herunder tegningsforst\u00e5else.<br \/>\u00a0<br \/>Produktions medarbejder.<br \/>Arbejdsgiver:<br \/>Maskinafdeling: A\/S Tasso<br \/>Tidsperiode:<br \/>1975 &#8211; 1978<br \/>Beskrivelse:<br \/>Sp\u00e5ntagende bearbejdning af st\u00f8bejern efter tegning samt kvalitetskontrol. Virksomheden havde underleverand\u00f8rer som V\u00f8lund vaskemaskiner og Volvo<br \/>Mit udbytte:<br \/>Dette var min f\u00f8rste &#8220;rigtige&#8221; arbejdsplads. Her fik jeg grundopdragelsen om at beg\u00e5 sig p\u00e5 en &#8220;r\u00e5&#8221; arbejdsplads. Her m\u00f8dte man til tiden, og gruppepresset var stort. Mange grundsten blev her lagt i mit indre, og jeg m\u00e5 indr\u00f8mme at de har v\u00e6ret gode at have med sig i min fremtidige karriere.<br \/>\u00a0<br \/>Ungarbejder.<br \/>Arbejdsgiver:<br \/>Orte M\u00f8belfabrik<br \/>Tidsperiode:<br \/>1973 &#8211; 1975<br \/>Beskrivelse:<br \/>Forefaldende arbejde, herunder maskinopstilling og indk\u00f8ring p\u00e5 simple produktionsmaskiner<br \/>Mit udbytte:<br \/>Erhvervserfaring, omgang med mennesker og maskiner samt \u00f8get teknisk indsigt. Opn\u00e5ede stor tillid fra ejer, idet jeg fik lov til at hj\u00e6lpe til om l\u00f8rdagen alene sammen med indehaver.<br \/>\u00a0<\/p>\n<p>\u00a0<\/p>\t\t\t\t\t\t<\/div>\n\t\t\t\t<\/div>\n\t\t\t\t\t<\/div>\n\t\t<\/div>\n\t\t\t\t\t<\/div>\n\t\t<\/section>\n\t\t\t\t<\/div>\n\t\t","protected":false},"excerpt":{"rendered":"<p>Se google docs &#8216;LIFE&#8217; Navigation Sider der skal konstrueres: KARRIERE\u00a0-udvalgte jobs\u00a0&#8211; opslidning\u00a0 \u00a0-omskoling\u00a0 \u00a0-webintegrator FAMILIE\u00a0-far\u00a0-mor\u00a0 -erik\u00a0 -tage\u00a0 -hh\u00a0&#8211; eva\u00a0 \u00a0-morten FRITID-sporthobby-h\u00f8jtalere-airbrush-acryl-edbmc-livet- Husk JustyKit lysshow Revell hobby kits 1960&#8230;.Aircraft 1\/48 F104G Starfighter RCAF Lockheed\u00ae designed the F-104G Starfighter to be a simple, fast and powerful fighter &#8211; and it was exactly that. For years, its performance&#8230;<\/p>\n","protected":false},"author":1,"featured_media":1817,"parent":0,"menu_order":0,"comment_status":"closed","ping_status":"closed","template":"","meta":{"_kad_post_transparent":"","_kad_post_title":"","_kad_post_layout":"","_kad_post_sidebar_id":"","_kad_post_content_style":"","_kad_post_vertical_padding":"","_kad_post_feature":"","_kad_post_feature_position":"","_kad_post_header":false,"_kad_post_footer":false,"_kad_post_classname":"","footnotes":""},"class_list":["post-2","page","type-page","status-publish","has-post-thumbnail","hentry"],"_links":{"self":[{"href":"https:\/\/hans-holger.dk\/livet\/index.php?rest_route=\/wp\/v2\/pages\/2","targetHints":{"allow":["GET"]}}],"collection":[{"href":"https:\/\/hans-holger.dk\/livet\/index.php?rest_route=\/wp\/v2\/pages"}],"about":[{"href":"https:\/\/hans-holger.dk\/livet\/index.php?rest_route=\/wp\/v2\/types\/page"}],"author":[{"embeddable":true,"href":"https:\/\/hans-holger.dk\/livet\/index.php?rest_route=\/wp\/v2\/users\/1"}],"replies":[{"embeddable":true,"href":"https:\/\/hans-holger.dk\/livet\/index.php?rest_route=%2Fwp%2Fv2%2Fcomments&post=2"}],"version-history":[{"count":0,"href":"https:\/\/hans-holger.dk\/livet\/index.php?rest_route=\/wp\/v2\/pages\/2\/revisions"}],"wp:featuredmedia":[{"embeddable":true,"href":"https:\/\/hans-holger.dk\/livet\/index.php?rest_route=\/wp\/v2\/media\/1817"}],"wp:attachment":[{"href":"https:\/\/hans-holger.dk\/livet\/index.php?rest_route=%2Fwp%2Fv2%2Fmedia&parent=2"}],"curies":[{"name":"wp","href":"https:\/\/api.w.org\/{rel}","templated":true}]}}