{"id":897,"date":"2020-12-23T13:14:14","date_gmt":"2020-12-23T13:14:14","guid":{"rendered":"https:\/\/hans-holger.dk\/livet\/?page_id=897"},"modified":"2020-12-24T12:57:06","modified_gmt":"2020-12-24T12:57:06","slug":"youtube-links","status":"publish","type":"page","link":"https:\/\/hans-holger.dk\/livet\/?page_id=897","title":{"rendered":"Youtube Kanal"},"content":{"rendered":"\t\t<div data-elementor-type=\"wp-page\" data-elementor-id=\"897\" class=\"elementor elementor-897\">\n\t\t\t\t\t\t<section class=\"elementor-section elementor-top-section elementor-element elementor-element-9ba389a elementor-section-boxed elementor-section-height-default elementor-section-height-default\" data-id=\"9ba389a\" data-element_type=\"section\">\n\t\t\t\t\t\t<div class=\"elementor-container elementor-column-gap-default\">\n\t\t\t\t\t<div class=\"elementor-column elementor-col-100 elementor-top-column elementor-element elementor-element-a978bac\" data-id=\"a978bac\" data-element_type=\"column\">\n\t\t\t<div class=\"elementor-widget-wrap elementor-element-populated\">\n\t\t\t\t\t\t<div class=\"elementor-element elementor-element-b28f290 elementor-widget elementor-widget-shortcode\" data-id=\"b28f290\" data-element_type=\"widget\" data-widget_type=\"shortcode.default\">\n\t\t\t\t<div class=\"elementor-widget-container\">\n\t\t\t\t\t<div class=\"elementor-shortcode\">[restrict userlevel=\"subscriber\"]\n\nNote: Er logget ind.. [login_form]\n\n[\/restrict]<\/div>\n\t\t\t\t<\/div>\n\t\t\t\t<\/div>\n\t\t\t\t\t<\/div>\n\t\t<\/div>\n\t\t\t\t\t<\/div>\n\t\t<\/section>\n\t\t\t\t<section class=\"elementor-section elementor-top-section elementor-element elementor-element-f9eda07 elementor-section-boxed elementor-section-height-default elementor-section-height-default\" data-id=\"f9eda07\" data-element_type=\"section\">\n\t\t\t\t\t\t<div class=\"elementor-container elementor-column-gap-default\">\n\t\t\t\t\t<div class=\"elementor-column elementor-col-66 elementor-top-column elementor-element elementor-element-76c00ac\" data-id=\"76c00ac\" data-element_type=\"column\">\n\t\t\t<div class=\"elementor-widget-wrap elementor-element-populated\">\n\t\t\t\t\t\t<div class=\"elementor-element elementor-element-d844571 elementor-widget elementor-widget-text-editor\" data-id=\"d844571\" data-element_type=\"widget\" data-widget_type=\"text-editor.default\">\n\t\t\t\t<div class=\"elementor-widget-container\">\n\t\t\t\t\t\t\t<p>P\u00e5 Youtube betyder<strong>\u00a0\u2018Skjult\/Privat\u2019<\/strong>\u00a0, at kun de personer, der kender linket til videoen, kan se den (f.eks. venner eller familiemedlemmer, som linket sendes til).<br \/>En skjult\/privat video vil ikke blive vist p\u00e5 nogen af YouTubes offentlige omr\u00e5der (f.eks. s\u00f8geresultater, kanaler eller side til gennemgang, o.s.v.).<\/p>\n<p>Jeg har arbejdet med diverse\u00a0 \u2018<a href=\"https:\/\/en.wikipedia.org\/wiki\/VHS\" target=\"_blank\" rel=\"noopener\"><strong>V<\/strong>ideo\u00a0<strong>H<\/strong>ome\u00a0<strong>S<\/strong>ystem<\/a>\u2018,\u00a0\u2018<a href=\"https:\/\/en.wikipedia.org\/wiki\/8_mm_video_format\" target=\"_blank\" rel=\"noopener\"><strong>8<\/strong>\u00a0mm\u00a0<strong>V<\/strong>ideo\u00a0<strong>S<\/strong>ystem<\/a>\u2018,\u00a0\u2018<a href=\"https:\/\/en.wikipedia.org\/wiki\/DV\" target=\"_blank\" rel=\"noopener\"><b>DV\u00a0<\/b>\u00a0<strong>S<\/strong>ystem<\/a>\u2018 , \u2018<a href=\"https:\/\/en.wikipedia.org\/wiki\/4K_resolution\" target=\"_blank\" rel=\"noopener\"><b>4K\u00a0<\/b>\u00a0<strong>S<\/strong>ystem<\/a>\u2018 er selvf\u00f8lgelig f\u00f8rst digitaliseret inden upload til Youtube-portalen.<\/p>\t\t\t\t\t\t<\/div>\n\t\t\t\t<\/div>\n\t\t\t\t\t<\/div>\n\t\t<\/div>\n\t\t\t\t<div class=\"elementor-column elementor-col-33 elementor-top-column elementor-element elementor-element-ea29402\" data-id=\"ea29402\" data-element_type=\"column\">\n\t\t\t<div class=\"elementor-widget-wrap elementor-element-populated\">\n\t\t\t\t\t\t<div class=\"elementor-element elementor-element-27ee8ea elementor-position-top elementor-widget elementor-widget-image-box\" data-id=\"27ee8ea\" data-element_type=\"widget\" data-widget_type=\"image-box.default\">\n\t\t\t\t<div class=\"elementor-widget-container\">\n\t\t\t<div class=\"elementor-image-box-wrapper\"><figure class=\"elementor-image-box-img\"><a href=\"https:\/\/www.youtube.com\/user\/FoxiAndMolly\" tabindex=\"-1\"><img fetchpriority=\"high\" decoding=\"async\" width=\"300\" height=\"300\" src=\"https:\/\/hans-holger.dk\/livet\/wp-content\/uploads\/foxiandmolly-emblem-300x300-1-300x300.png\" class=\"attachment-medium size-medium wp-image-949\" alt=\"\" srcset=\"https:\/\/hans-holger.dk\/livet\/wp-content\/uploads\/foxiandmolly-emblem-300x300-1.png 300w, https:\/\/hans-holger.dk\/livet\/wp-content\/uploads\/foxiandmolly-emblem-300x300-1-150x150.png 150w\" sizes=\"(max-width: 300px) 100vw, 300px\" \/><\/a><\/figure><div class=\"elementor-image-box-content\"><h5 class=\"elementor-image-box-title\"><a href=\"https:\/\/www.youtube.com\/user\/FoxiAndMolly\">Foxi And Molly<\/a><\/h5><p class=\"elementor-image-box-description\"><a href=\"https:\/\/www.youtube.com\/user\/FoxiAndMolly\" target=\"_blank\">LINK<\/a> til youtube kanal<\/p><\/div><\/div>\t\t<\/div>\n\t\t\t\t<\/div>\n\t\t\t\t\t<\/div>\n\t\t<\/div>\n\t\t\t\t\t<\/div>\n\t\t<\/section>\n\t\t\t\t<section class=\"elementor-section elementor-top-section elementor-element elementor-element-4d0ee84 elementor-section-boxed elementor-section-height-default elementor-section-height-default\" data-id=\"4d0ee84\" data-element_type=\"section\">\n\t\t\t\t\t\t<div class=\"elementor-container elementor-column-gap-default\">\n\t\t\t\t\t<div class=\"elementor-column elementor-col-100 elementor-top-column elementor-element elementor-element-558a5b5\" data-id=\"558a5b5\" data-element_type=\"column\">\n\t\t\t<div class=\"elementor-widget-wrap elementor-element-populated\">\n\t\t\t\t\t\t<div class=\"elementor-element elementor-element-764289a elementor-widget elementor-widget-toggle\" data-id=\"764289a\" data-element_type=\"widget\" data-widget_type=\"toggle.default\">\n\t\t\t\t<div class=\"elementor-widget-container\">\n\t\t\t\t\t<div class=\"elementor-toggle\">\n\t\t\t\t\t\t\t<div class=\"elementor-toggle-item\">\n\t\t\t\t\t<div id=\"elementor-tab-title-1241\" class=\"elementor-tab-title\" data-tab=\"1\" role=\"button\" aria-controls=\"elementor-tab-content-1241\" aria-expanded=\"false\">\n\t\t\t\t\t\t\t\t\t\t\t\t<span class=\"elementor-toggle-icon elementor-toggle-icon-left\" aria-hidden=\"true\">\n\t\t\t\t\t\t\t\t\t\t\t\t\t\t\t<span class=\"elementor-toggle-icon-closed\"><i class=\"fas fa-caret-right\"><\/i><\/span>\n\t\t\t\t\t\t\t\t<span class=\"elementor-toggle-icon-opened\"><i class=\"elementor-toggle-icon-opened fas fa-caret-up\"><\/i><\/span>\n\t\t\t\t\t\t\t\t\t\t\t\t\t<\/span>\n\t\t\t\t\t\t\t\t\t\t\t\t<a class=\"elementor-toggle-title\" tabindex=\"0\">2019<\/a>\n\t\t\t\t\t<\/div>\n\n\t\t\t\t\t<div id=\"elementor-tab-content-1241\" class=\"elementor-tab-content elementor-clearfix\" data-tab=\"1\" role=\"region\" aria-labelledby=\"elementor-tab-title-1241\"><p>Naturama 2019 | 24-03-2019 [4:55]<br \/><a href=\"https:\/\/youtu.be\/W1IPxsS3410\" target=\"_blank\" rel=\"noopener\">https:\/\/youtu.be\/W1IPxsS3410<\/a><\/p><\/div>\n\t\t\t\t<\/div>\n\t\t\t\t\t\t\t<div class=\"elementor-toggle-item\">\n\t\t\t\t\t<div id=\"elementor-tab-title-1242\" class=\"elementor-tab-title\" data-tab=\"2\" role=\"button\" aria-controls=\"elementor-tab-content-1242\" aria-expanded=\"false\">\n\t\t\t\t\t\t\t\t\t\t\t\t<span class=\"elementor-toggle-icon elementor-toggle-icon-left\" aria-hidden=\"true\">\n\t\t\t\t\t\t\t\t\t\t\t\t\t\t\t<span class=\"elementor-toggle-icon-closed\"><i class=\"fas fa-caret-right\"><\/i><\/span>\n\t\t\t\t\t\t\t\t<span class=\"elementor-toggle-icon-opened\"><i class=\"elementor-toggle-icon-opened fas fa-caret-up\"><\/i><\/span>\n\t\t\t\t\t\t\t\t\t\t\t\t\t<\/span>\n\t\t\t\t\t\t\t\t\t\t\t\t<a class=\"elementor-toggle-title\" tabindex=\"0\">2017<\/a>\n\t\t\t\t\t<\/div>\n\n\t\t\t\t\t<div id=\"elementor-tab-content-1242\" class=\"elementor-tab-content elementor-clearfix\" data-tab=\"2\" role=\"region\" aria-labelledby=\"elementor-tab-title-1242\"><p>Jam at Dexter`s 11-04-2017 [44:49]<br \/><a href=\"https:\/\/youtu.be\/HxVDDuESK54\" target=\"_blank\" rel=\"noopener\">https:\/\/youtu.be\/HxVDDuESK54\u00a0<\/a><\/p><\/div>\n\t\t\t\t<\/div>\n\t\t\t\t\t\t\t<div class=\"elementor-toggle-item\">\n\t\t\t\t\t<div id=\"elementor-tab-title-1243\" class=\"elementor-tab-title\" data-tab=\"3\" role=\"button\" aria-controls=\"elementor-tab-content-1243\" aria-expanded=\"false\">\n\t\t\t\t\t\t\t\t\t\t\t\t<span class=\"elementor-toggle-icon elementor-toggle-icon-left\" aria-hidden=\"true\">\n\t\t\t\t\t\t\t\t\t\t\t\t\t\t\t<span class=\"elementor-toggle-icon-closed\"><i class=\"fas fa-caret-right\"><\/i><\/span>\n\t\t\t\t\t\t\t\t<span class=\"elementor-toggle-icon-opened\"><i class=\"elementor-toggle-icon-opened fas fa-caret-up\"><\/i><\/span>\n\t\t\t\t\t\t\t\t\t\t\t\t\t<\/span>\n\t\t\t\t\t\t\t\t\t\t\t\t<a class=\"elementor-toggle-title\" tabindex=\"0\">2014<\/a>\n\t\t\t\t\t<\/div>\n\n\t\t\t\t\t<div id=\"elementor-tab-content-1243\" class=\"elementor-tab-content elementor-clearfix\" data-tab=\"3\" role=\"region\" aria-labelledby=\"elementor-tab-title-1243\"><p>Have Nellemose 2014 [4:17]<br \/><a href=\"https:\/\/youtu.be\/Hc-ltP69OiE\" target=\"_blank\" rel=\"noopener\">https:\/\/youtu.be\/Hc-ltP69OiE<\/a><\/p><\/div>\n\t\t\t\t<\/div>\n\t\t\t\t\t\t\t<div class=\"elementor-toggle-item\">\n\t\t\t\t\t<div id=\"elementor-tab-title-1244\" class=\"elementor-tab-title\" data-tab=\"4\" role=\"button\" aria-controls=\"elementor-tab-content-1244\" aria-expanded=\"false\">\n\t\t\t\t\t\t\t\t\t\t\t\t<span class=\"elementor-toggle-icon elementor-toggle-icon-left\" aria-hidden=\"true\">\n\t\t\t\t\t\t\t\t\t\t\t\t\t\t\t<span class=\"elementor-toggle-icon-closed\"><i class=\"fas fa-caret-right\"><\/i><\/span>\n\t\t\t\t\t\t\t\t<span class=\"elementor-toggle-icon-opened\"><i class=\"elementor-toggle-icon-opened fas fa-caret-up\"><\/i><\/span>\n\t\t\t\t\t\t\t\t\t\t\t\t\t<\/span>\n\t\t\t\t\t\t\t\t\t\t\t\t<a class=\"elementor-toggle-title\" tabindex=\"0\">2013<\/a>\n\t\t\t\t\t<\/div>\n\n\t\t\t\t\t<div id=\"elementor-tab-content-1244\" class=\"elementor-tab-content elementor-clearfix\" data-tab=\"4\" role=\"region\" aria-labelledby=\"elementor-tab-title-1244\"><p>Bali [4:47]<br \/><a href=\"https:\/\/youtu.be\/Pi2JvDHzz-w\" target=\"_blank\" rel=\"noopener\">https:\/\/youtu.be\/Pi2JvDHzz-w<\/a><\/p><\/div>\n\t\t\t\t<\/div>\n\t\t\t\t\t\t\t<div class=\"elementor-toggle-item\">\n\t\t\t\t\t<div id=\"elementor-tab-title-1245\" class=\"elementor-tab-title\" data-tab=\"5\" role=\"button\" aria-controls=\"elementor-tab-content-1245\" aria-expanded=\"false\">\n\t\t\t\t\t\t\t\t\t\t\t\t<span class=\"elementor-toggle-icon elementor-toggle-icon-left\" aria-hidden=\"true\">\n\t\t\t\t\t\t\t\t\t\t\t\t\t\t\t<span class=\"elementor-toggle-icon-closed\"><i class=\"fas fa-caret-right\"><\/i><\/span>\n\t\t\t\t\t\t\t\t<span class=\"elementor-toggle-icon-opened\"><i class=\"elementor-toggle-icon-opened fas fa-caret-up\"><\/i><\/span>\n\t\t\t\t\t\t\t\t\t\t\t\t\t<\/span>\n\t\t\t\t\t\t\t\t\t\t\t\t<a class=\"elementor-toggle-title\" tabindex=\"0\">2011<\/a>\n\t\t\t\t\t<\/div>\n\n\t\t\t\t\t<div id=\"elementor-tab-content-1245\" class=\"elementor-tab-content elementor-clearfix\" data-tab=\"5\" role=\"region\" aria-labelledby=\"elementor-tab-title-1245\"><p>SVE-27-11-2011.mp4 [2:44]<br \/><a href=\"https:\/\/youtu.be\/pB0dQ0dNOXM\" target=\"_blank\" rel=\"noopener\">https:\/\/youtu.be\/pB0dQ0dNOXM<\/a><\/p><\/div>\n\t\t\t\t<\/div>\n\t\t\t\t\t\t\t<div class=\"elementor-toggle-item\">\n\t\t\t\t\t<div id=\"elementor-tab-title-1246\" class=\"elementor-tab-title\" data-tab=\"6\" role=\"button\" aria-controls=\"elementor-tab-content-1246\" aria-expanded=\"false\">\n\t\t\t\t\t\t\t\t\t\t\t\t<span class=\"elementor-toggle-icon elementor-toggle-icon-left\" aria-hidden=\"true\">\n\t\t\t\t\t\t\t\t\t\t\t\t\t\t\t<span class=\"elementor-toggle-icon-closed\"><i class=\"fas fa-caret-right\"><\/i><\/span>\n\t\t\t\t\t\t\t\t<span class=\"elementor-toggle-icon-opened\"><i class=\"elementor-toggle-icon-opened fas fa-caret-up\"><\/i><\/span>\n\t\t\t\t\t\t\t\t\t\t\t\t\t<\/span>\n\t\t\t\t\t\t\t\t\t\t\t\t<a class=\"elementor-toggle-title\" tabindex=\"0\">2010<\/a>\n\t\t\t\t\t<\/div>\n\n\t\t\t\t\t<div id=\"elementor-tab-content-1246\" class=\"elementor-tab-content elementor-clearfix\" data-tab=\"6\" role=\"region\" aria-labelledby=\"elementor-tab-title-1246\"><p>2010 London &#8211; (del 1) [13:55]<br \/><a href=\"https:\/\/youtu.be\/BqiYnjZ4CoU\" target=\"_blank\" rel=\"noopener\">https:\/\/youtu.be\/BqiYnjZ4CoU<\/a><\/p>\n<p>2010 London &#8211; (del 2) [14:30]<br \/><a href=\"https:\/\/youtu.be\/lVHu-XaYCrA\" target=\"_blank\" rel=\"noopener\">https:\/\/youtu.be\/lVHu-XaYCrA<\/a><\/p>\n<p>2010 Bustur i London &#8216;the original tour&#8217; [6:47]<br \/><a href=\"https:\/\/youtu.be\/a9KUUiFT8-o\" target=\"_blank\" rel=\"noopener\">https:\/\/youtu.be\/a9KUUiFT8-o<\/a><\/p>\n<p>2010 Science Museum London [5:23]<br \/><a href=\"https:\/\/youtu.be\/-_Z4g7sfWDg\" target=\"_blank\" rel=\"noopener\">https:\/\/youtu.be\/-_Z4g7sfWDg<\/a><\/p>\n<p>2010 Natural History Museum London [8:02]<br \/><a href=\"https:\/\/youtu.be\/L4jlcu-33RM\" target=\"_blank\" rel=\"noopener\">https:\/\/youtu.be\/L4jlcu-33RM<\/a><\/p>\n<p>2010 London Eye [6:01]<br \/><a href=\"https:\/\/youtu.be\/a9KUUiFT8-o\" target=\"_blank\" rel=\"noopener\">https:\/\/youtu.be\/a9KUUiFT8-o<\/a><\/p><\/div>\n\t\t\t\t<\/div>\n\t\t\t\t\t\t\t<div class=\"elementor-toggle-item\">\n\t\t\t\t\t<div id=\"elementor-tab-title-1247\" class=\"elementor-tab-title\" data-tab=\"7\" role=\"button\" aria-controls=\"elementor-tab-content-1247\" aria-expanded=\"false\">\n\t\t\t\t\t\t\t\t\t\t\t\t<span class=\"elementor-toggle-icon elementor-toggle-icon-left\" aria-hidden=\"true\">\n\t\t\t\t\t\t\t\t\t\t\t\t\t\t\t<span class=\"elementor-toggle-icon-closed\"><i class=\"fas fa-caret-right\"><\/i><\/span>\n\t\t\t\t\t\t\t\t<span class=\"elementor-toggle-icon-opened\"><i class=\"elementor-toggle-icon-opened fas fa-caret-up\"><\/i><\/span>\n\t\t\t\t\t\t\t\t\t\t\t\t\t<\/span>\n\t\t\t\t\t\t\t\t\t\t\t\t<a class=\"elementor-toggle-title\" tabindex=\"0\">2005<\/a>\n\t\t\t\t\t<\/div>\n\n\t\t\t\t\t<div id=\"elementor-tab-content-1247\" class=\"elementor-tab-content elementor-clearfix\" data-tab=\"7\" role=\"region\" aria-labelledby=\"elementor-tab-title-1247\"><p>(2005-28\/2) Molly ankommet Juni m\u00e5ned [2:38]<br \/><a href=\"https:\/\/youtu.be\/jBN9sRIXOCQ\" target=\"_blank\" rel=\"noopener\">https:\/\/youtu.be\/jBN9sRIXOCQ<\/a><\/p>\n<p>Molly senere &#8211; [0:25]<br \/><a href=\"https:\/\/youtu.be\/dvhlbBx-rCE\" target=\"_blank\" rel=\"noopener\">https:\/\/youtu.be\/dvhlbBx-rCE<\/a><\/p><\/div>\n\t\t\t\t<\/div>\n\t\t\t\t\t\t\t<div class=\"elementor-toggle-item\">\n\t\t\t\t\t<div id=\"elementor-tab-title-1248\" class=\"elementor-tab-title\" data-tab=\"8\" role=\"button\" aria-controls=\"elementor-tab-content-1248\" aria-expanded=\"false\">\n\t\t\t\t\t\t\t\t\t\t\t\t<span class=\"elementor-toggle-icon elementor-toggle-icon-left\" aria-hidden=\"true\">\n\t\t\t\t\t\t\t\t\t\t\t\t\t\t\t<span class=\"elementor-toggle-icon-closed\"><i class=\"fas fa-caret-right\"><\/i><\/span>\n\t\t\t\t\t\t\t\t<span class=\"elementor-toggle-icon-opened\"><i class=\"elementor-toggle-icon-opened fas fa-caret-up\"><\/i><\/span>\n\t\t\t\t\t\t\t\t\t\t\t\t\t<\/span>\n\t\t\t\t\t\t\t\t\t\t\t\t<a class=\"elementor-toggle-title\" tabindex=\"0\">1991<\/a>\n\t\t\t\t\t<\/div>\n\n\t\t\t\t\t<div id=\"elementor-tab-content-1248\" class=\"elementor-tab-content elementor-clearfix\" data-tab=\"8\" role=\"region\" aria-labelledby=\"elementor-tab-title-1248\"><p>Hus i Tommerup 1991 1992 [1:09:32]<br \/><a href=\"https:\/\/youtu.be\/0lE7hwMS-SE\" target=\"_blank\" rel=\"noopener\">https:\/\/youtu.be\/0lE7hwMS-SE<\/a><\/p><\/div>\n\t\t\t\t<\/div>\n\t\t\t\t\t\t\t<div class=\"elementor-toggle-item\">\n\t\t\t\t\t<div id=\"elementor-tab-title-1249\" class=\"elementor-tab-title\" data-tab=\"9\" role=\"button\" aria-controls=\"elementor-tab-content-1249\" aria-expanded=\"false\">\n\t\t\t\t\t\t\t\t\t\t\t\t<span class=\"elementor-toggle-icon elementor-toggle-icon-left\" aria-hidden=\"true\">\n\t\t\t\t\t\t\t\t\t\t\t\t\t\t\t<span class=\"elementor-toggle-icon-closed\"><i class=\"fas fa-caret-right\"><\/i><\/span>\n\t\t\t\t\t\t\t\t<span class=\"elementor-toggle-icon-opened\"><i class=\"elementor-toggle-icon-opened fas fa-caret-up\"><\/i><\/span>\n\t\t\t\t\t\t\t\t\t\t\t\t\t<\/span>\n\t\t\t\t\t\t\t\t\t\t\t\t<a class=\"elementor-toggle-title\" tabindex=\"0\">1996<\/a>\n\t\t\t\t\t<\/div>\n\n\t\t\t\t\t<div id=\"elementor-tab-content-1249\" class=\"elementor-tab-content elementor-clearfix\" data-tab=\"9\" role=\"region\" aria-labelledby=\"elementor-tab-title-1249\"><p>1996 vhs privat-01 &#8211; Skjult video [10:50] (fra 27\/1-1996 til 24\/3-1996)<br \/><a href=\"https:\/\/youtu.be\/59S6BiZuFok\" target=\"_blank\" rel=\"noopener\">https:\/\/youtu.be\/59S6BiZuFok<\/a><\/p><p>1996 vhs privat-02 &#8211; Skjult video [9:35] (fra 24\/3-1996 til 23\/6-1996)<br \/><a href=\"https:\/\/youtu.be\/woh0vePtrOQ\" target=\"_blank\" rel=\"noopener\">https:\/\/youtu.be\/woh0vePtrOQ<\/a><\/p><p>1996 vhs privat-03 &#8211; Skjult video [10:05] (fra 23\/6-1996 til 8\/12-1996)<br \/><a href=\"https:\/\/youtu.be\/U1kyzTuFPNc\" target=\"_blank\" rel=\"noopener\">https:\/\/youtu.be\/U1kyzTuFPNc<\/a><\/p><p>1996 vhs privat-04 &#8211; Skjult video [8:22] (fra 9\/12-1996 til 30\/12-1996) Erik p\u00e5 bes\u00f8g bl.a.<br \/><a href=\"https:\/\/youtu.be\/_x4EEMvoSSM\" target=\"_blank\" rel=\"noopener\">https:\/\/youtu.be\/_x4EEMvoSSM<\/a><\/p><\/div>\n\t\t\t\t<\/div>\n\t\t\t\t\t\t\t<div class=\"elementor-toggle-item\">\n\t\t\t\t\t<div id=\"elementor-tab-title-12410\" class=\"elementor-tab-title\" data-tab=\"10\" role=\"button\" aria-controls=\"elementor-tab-content-12410\" aria-expanded=\"false\">\n\t\t\t\t\t\t\t\t\t\t\t\t<span class=\"elementor-toggle-icon elementor-toggle-icon-left\" aria-hidden=\"true\">\n\t\t\t\t\t\t\t\t\t\t\t\t\t\t\t<span class=\"elementor-toggle-icon-closed\"><i class=\"fas fa-caret-right\"><\/i><\/span>\n\t\t\t\t\t\t\t\t<span class=\"elementor-toggle-icon-opened\"><i class=\"elementor-toggle-icon-opened fas fa-caret-up\"><\/i><\/span>\n\t\t\t\t\t\t\t\t\t\t\t\t\t<\/span>\n\t\t\t\t\t\t\t\t\t\t\t\t<a class=\"elementor-toggle-title\" tabindex=\"0\">EKSPERIMENTAL<\/a>\n\t\t\t\t\t<\/div>\n\n\t\t\t\t\t<div id=\"elementor-tab-content-12410\" class=\"elementor-tab-content elementor-clearfix\" data-tab=\"10\" role=\"region\" aria-labelledby=\"elementor-tab-title-12410\"><p>Life and death &#8211; Skjult video [1:22]<br \/><a href=\"https:\/\/youtu.be\/0fJFD3ChARM\" target=\"_blank\" rel=\"noopener\">https:\/\/youtu.be\/0fJFD3ChARM<\/a><\/p>\n<p>Warp Stabilizer VFX Skjult video [4:06]<br \/><a href=\"https:\/\/youtu.be\/FRQE9dtYtxk\" target=\"_blank\" rel=\"noopener\">https:\/\/youtu.be\/FRQE9dtYtxk<\/a><\/p>\n<p>Bikeride super slow and fast Skjult video [5:39]<br \/><a href=\"https:\/\/youtu.be\/unMPxczw_Rw\" target=\"_blank\" rel=\"noopener\">https:\/\/youtu.be\/unMPxczw_Rw\u00a0<\/a><\/p>\n<p>E-Bikeride Skjult video [2:21]<br \/><a href=\"https:\/\/youtu.be\/9dvm1xhlPEA\" target=\"_blank\" rel=\"noopener\">https:\/\/youtu.be\/9dvm1xhlPEA<\/a><\/p><\/div>\n\t\t\t\t<\/div>\n\t\t\t\t\t\t\t\t<\/div>\n\t\t\t\t<\/div>\n\t\t\t\t<\/div>\n\t\t\t\t\t<\/div>\n\t\t<\/div>\n\t\t\t\t\t<\/div>\n\t\t<\/section>\n\t\t\t\t<\/div>\n\t\t","protected":false},"excerpt":{"rendered":"<p>[restrict userlevel=&#8221;subscriber&#8221;] Note: Er logget ind.. [login_form] [\/restrict] P\u00e5 Youtube betyder\u00a0\u2018Skjult\/Privat\u2019\u00a0, at kun de personer, der kender linket til videoen, kan se den (f.eks. venner eller familiemedlemmer, som linket sendes til).En skjult\/privat video vil ikke blive vist p\u00e5 nogen af YouTubes offentlige omr\u00e5der (f.eks. s\u00f8geresultater, kanaler eller side til gennemgang, o.s.v.). Jeg har arbejdet med&#8230;<\/p>\n","protected":false},"author":1,"featured_media":0,"parent":0,"menu_order":0,"comment_status":"closed","ping_status":"closed","template":"","meta":{"_kad_post_transparent":"","_kad_post_title":"","_kad_post_layout":"","_kad_post_sidebar_id":"","_kad_post_content_style":"","_kad_post_vertical_padding":"","_kad_post_feature":"","_kad_post_feature_position":"","_kad_post_header":false,"_kad_post_footer":false,"_kad_post_classname":"","footnotes":""},"class_list":["post-897","page","type-page","status-publish","hentry"],"_links":{"self":[{"href":"https:\/\/hans-holger.dk\/livet\/index.php?rest_route=\/wp\/v2\/pages\/897","targetHints":{"allow":["GET"]}}],"collection":[{"href":"https:\/\/hans-holger.dk\/livet\/index.php?rest_route=\/wp\/v2\/pages"}],"about":[{"href":"https:\/\/hans-holger.dk\/livet\/index.php?rest_route=\/wp\/v2\/types\/page"}],"author":[{"embeddable":true,"href":"https:\/\/hans-holger.dk\/livet\/index.php?rest_route=\/wp\/v2\/users\/1"}],"replies":[{"embeddable":true,"href":"https:\/\/hans-holger.dk\/livet\/index.php?rest_route=%2Fwp%2Fv2%2Fcomments&post=897"}],"version-history":[{"count":0,"href":"https:\/\/hans-holger.dk\/livet\/index.php?rest_route=\/wp\/v2\/pages\/897\/revisions"}],"wp:attachment":[{"href":"https:\/\/hans-holger.dk\/livet\/index.php?rest_route=%2Fwp%2Fv2%2Fmedia&parent=897"}],"curies":[{"name":"wp","href":"https:\/\/api.w.org\/{rel}","templated":true}]}}